{"id":46,"date":"2022-01-11T09:18:06","date_gmt":"2022-01-11T08:18:06","guid":{"rendered":"http:\/\/ehpadlesroches-pontaumur.fr\/?page_id=46"},"modified":"2023-01-27T16:17:23","modified_gmt":"2023-01-27T15:17:23","slug":"votre-accueil","status":"publish","type":"page","link":"https:\/\/ehpadlesroches-pontaumur.fr\/index.php\/admission\/votre-accueil\/","title":{"rendered":"Votre accueil"},"content":{"rendered":"\t\t<div data-elementor-type=\"wp-page\" data-elementor-id=\"46\" class=\"elementor elementor-46\">\n\t\t\t\t\t\t\t\t\t<section class=\"has_eae_slider elementor-section elementor-top-section elementor-element elementor-element-3eace24 elementor-section-boxed elementor-section-height-default elementor-section-height-default\" data-id=\"3eace24\" data-element_type=\"section\">\n\t\t\t\t\t\t<div class=\"elementor-container elementor-column-gap-default\">\n\t\t\t\t\t<div class=\"has_eae_slider elementor-column elementor-col-100 elementor-top-column elementor-element elementor-element-45f995c\" data-id=\"45f995c\" data-element_type=\"column\">\n\t\t\t<div class=\"elementor-widget-wrap elementor-element-populated\">\n\t\t\t\t\t\t\t\t<div class=\"elementor-element elementor-element-54b202d elementor-widget elementor-widget-heading\" data-id=\"54b202d\" data-element_type=\"widget\" data-widget_type=\"heading.default\">\n\t\t\t\t<div class=\"elementor-widget-container\">\n\t\t\t<style>\/*! elementor - v3.11.5 - 14-03-2023 *\/\n.elementor-heading-title{padding:0;margin:0;line-height:1}.elementor-widget-heading .elementor-heading-title[class*=elementor-size-]>a{color:inherit;font-size:inherit;line-height:inherit}.elementor-widget-heading .elementor-heading-title.elementor-size-small{font-size:15px}.elementor-widget-heading .elementor-heading-title.elementor-size-medium{font-size:19px}.elementor-widget-heading .elementor-heading-title.elementor-size-large{font-size:29px}.elementor-widget-heading .elementor-heading-title.elementor-size-xl{font-size:39px}.elementor-widget-heading .elementor-heading-title.elementor-size-xxl{font-size:59px}<\/style><h1 class=\"elementor-heading-title elementor-size-default\">Accueil<\/h1>\t\t<\/div>\n\t\t\t\t<\/div>\n\t\t\t\t<div class=\"elementor-element elementor-element-f1217d1 elementor-widget elementor-widget-text-editor\" data-id=\"f1217d1\" data-element_type=\"widget\" data-widget_type=\"text-editor.default\">\n\t\t\t\t<div class=\"elementor-widget-container\">\n\t\t\t<style>\/*! elementor - v3.11.5 - 14-03-2023 *\/\n.elementor-widget-text-editor.elementor-drop-cap-view-stacked .elementor-drop-cap{background-color:#818a91;color:#fff}.elementor-widget-text-editor.elementor-drop-cap-view-framed .elementor-drop-cap{color:#818a91;border:3px solid;background-color:transparent}.elementor-widget-text-editor:not(.elementor-drop-cap-view-default) .elementor-drop-cap{margin-top:8px}.elementor-widget-text-editor:not(.elementor-drop-cap-view-default) .elementor-drop-cap-letter{width:1em;height:1em}.elementor-widget-text-editor .elementor-drop-cap{float:left;text-align:center;line-height:1;font-size:50px}.elementor-widget-text-editor .elementor-drop-cap-letter{display:inline-block}<\/style>\t\t\t\t<p style=\"text-align: left;\">Madame GIRAUDON Nicole et Madame GARDE Sylvie, agents d\u2019accueil, sont \u00e0 votre disposition du lundi au vendredi de 08h30 \u00e0 16h30 pour tout renseignement.<\/p><p style=\"text-align: left;\">Mme GUILLOT Virginie, Cadre de sant\u00e9, se tient disponible du lundi au vendredi de 09h00 \u00e0 17h00 pour tout renseignement sur l\u2019accompagnement du r\u00e9sident. Des visites de l\u2019\u00e9tablissement peuvent \u00eatre organis\u00e9es.<\/p><p style=\"text-align: left;\">Madame GIRAUDON Nicole, responsable de la partie facturation \u00ab\u00a0R\u00e9sident \u00bb est joignable au <strong>04 73 79 92 01<\/strong> et par mail\u00a0: <a href=\"mailto:mr.lesroches@wanadoo.fr\">mr.lesroches@wanadoo.fr<\/a><\/p>\t\t\t\t\t\t<\/div>\n\t\t\t\t<\/div>\n\t\t\t\t\t<\/div>\n\t\t<\/div>\n\t\t\t\t\t\t\t<\/div>\n\t\t<\/section>\n\t\t\t\t<section class=\"has_eae_slider elementor-section elementor-top-section elementor-element elementor-element-492f714 elementor-section-boxed elementor-section-height-default elementor-section-height-default\" data-id=\"492f714\" data-element_type=\"section\">\n\t\t\t\t\t\t<div class=\"elementor-container elementor-column-gap-default\">\n\t\t\t\t\t<div class=\"has_eae_slider elementor-column elementor-col-100 elementor-top-column elementor-element elementor-element-8e0a6b7\" data-id=\"8e0a6b7\" data-element_type=\"column\">\n\t\t\t<div class=\"elementor-widget-wrap elementor-element-populated\">\n\t\t\t\t\t\t\t\t<div class=\"elementor-element elementor-element-22e0845 elementor-widget-divider--view-line elementor-widget elementor-widget-divider\" data-id=\"22e0845\" data-element_type=\"widget\" data-widget_type=\"divider.default\">\n\t\t\t\t<div class=\"elementor-widget-container\">\n\t\t\t<style>\/*! elementor - v3.11.5 - 14-03-2023 *\/\n.elementor-widget-divider{--divider-border-style:none;--divider-border-width:1px;--divider-color:#2c2c2c;--divider-icon-size:20px;--divider-element-spacing:10px;--divider-pattern-height:24px;--divider-pattern-size:20px;--divider-pattern-url:none;--divider-pattern-repeat:repeat-x}.elementor-widget-divider .elementor-divider{display:flex}.elementor-widget-divider .elementor-divider__text{font-size:15px;line-height:1;max-width:95%}.elementor-widget-divider .elementor-divider__element{margin:0 var(--divider-element-spacing);flex-shrink:0}.elementor-widget-divider .elementor-icon{font-size:var(--divider-icon-size)}.elementor-widget-divider .elementor-divider-separator{display:flex;margin:0;direction:ltr}.elementor-widget-divider--view-line_icon .elementor-divider-separator,.elementor-widget-divider--view-line_text .elementor-divider-separator{align-items:center}.elementor-widget-divider--view-line_icon .elementor-divider-separator:after,.elementor-widget-divider--view-line_icon .elementor-divider-separator:before,.elementor-widget-divider--view-line_text .elementor-divider-separator:after,.elementor-widget-divider--view-line_text .elementor-divider-separator:before{display:block;content:\"\";border-bottom:0;flex-grow:1;border-top:var(--divider-border-width) var(--divider-border-style) var(--divider-color)}.elementor-widget-divider--element-align-left .elementor-divider .elementor-divider-separator>.elementor-divider__svg:first-of-type{flex-grow:0;flex-shrink:100}.elementor-widget-divider--element-align-left .elementor-divider-separator:before{content:none}.elementor-widget-divider--element-align-left .elementor-divider__element{margin-left:0}.elementor-widget-divider--element-align-right .elementor-divider .elementor-divider-separator>.elementor-divider__svg:last-of-type{flex-grow:0;flex-shrink:100}.elementor-widget-divider--element-align-right .elementor-divider-separator:after{content:none}.elementor-widget-divider--element-align-right .elementor-divider__element{margin-right:0}.elementor-widget-divider:not(.elementor-widget-divider--view-line_text):not(.elementor-widget-divider--view-line_icon) .elementor-divider-separator{border-top:var(--divider-border-width) var(--divider-border-style) var(--divider-color)}.elementor-widget-divider--separator-type-pattern{--divider-border-style:none}.elementor-widget-divider--separator-type-pattern.elementor-widget-divider--view-line .elementor-divider-separator,.elementor-widget-divider--separator-type-pattern:not(.elementor-widget-divider--view-line) .elementor-divider-separator:after,.elementor-widget-divider--separator-type-pattern:not(.elementor-widget-divider--view-line) .elementor-divider-separator:before,.elementor-widget-divider--separator-type-pattern:not([class*=elementor-widget-divider--view]) .elementor-divider-separator{width:100%;min-height:var(--divider-pattern-height);-webkit-mask-size:var(--divider-pattern-size) 100%;mask-size:var(--divider-pattern-size) 100%;-webkit-mask-repeat:var(--divider-pattern-repeat);mask-repeat:var(--divider-pattern-repeat);background-color:var(--divider-color);-webkit-mask-image:var(--divider-pattern-url);mask-image:var(--divider-pattern-url)}.elementor-widget-divider--no-spacing{--divider-pattern-size:auto}.elementor-widget-divider--bg-round{--divider-pattern-repeat:round}.rtl .elementor-widget-divider .elementor-divider__text{direction:rtl}.e-con-inner>.elementor-widget-divider,.e-con>.elementor-widget-divider{width:var(--container-widget-width,100%);--flex-grow:var(--container-widget-flex-grow)}<\/style>\t\t<div class=\"elementor-divider\">\n\t\t\t<span class=\"elementor-divider-separator\">\n\t\t\t\t\t\t<\/span>\n\t\t<\/div>\n\t\t\t\t<\/div>\n\t\t\t\t<\/div>\n\t\t\t\t<div class=\"elementor-element elementor-element-3cf631f elementor-widget elementor-widget-heading\" data-id=\"3cf631f\" data-element_type=\"widget\" data-widget_type=\"heading.default\">\n\t\t\t\t<div class=\"elementor-widget-container\">\n\t\t\t<h1 class=\"elementor-heading-title elementor-size-default\">L'Admission<\/h1>\t\t<\/div>\n\t\t\t\t<\/div>\n\t\t\t\t<div class=\"elementor-element elementor-element-523af5c elementor-widget elementor-widget-text-editor\" data-id=\"523af5c\" data-element_type=\"widget\" data-widget_type=\"text-editor.default\">\n\t\t\t\t<div class=\"elementor-widget-container\">\n\t\t\t\t\t\t\t<p style=\"text-align: left;\">Le dossier d\u2019admission est constitu\u00e9 d\u2019une premi\u00e8re partie comprenant les renseignements administratifs (\u00e9tat civil, r\u00e9f\u00e9rences des proches, ressources, droits \u00e0 l\u2019assurance maladie et mutuelle, contrat de s\u00e9jour, r\u00e8glement de fonctionnement, modalit\u00e9s de paiement des frais de s\u00e9jour, assurance responsabilit\u00e9 civile, avis d\u2019imposition et taxe fonci\u00e8re\u2026), d\u2019une seconde partie avec les renseignements m\u00e9dicaux (r\u00e9alis\u00e9 par le m\u00e9decin traitant ou par le m\u00e9decin du service en cas d\u2019hospitalisation). Il peut \u00eatre d\u00e9pos\u00e9 sur le site via trajectoire.<\/p>\n<p style=\"text-align: left;\">L\u2019\u00e9tablissement est habilit\u00e9 \u00e0 recevoir des b\u00e9n\u00e9ficiaires de l\u2019aide sociale er de l\u2019allocation personnalis\u00e9e d\u2019autonomie (APA), aides accord\u00e9s par le Conseil D\u00e9partemental<\/p>\n<ul style=\"text-align: left;\">\n<li>L\u2019Aide Sociale est destin\u00e9e aux r\u00e9sidents dont les revenus ne suffisent pas \u00e0 assurer les frais d\u2019h\u00e9bergement.<\/li>\n<\/ul>\n<ul style=\"text-align: left;\">\n<li>L\u2019APA&nbsp; &nbsp;permet aux personnes de plus de 60 ans, en perte d\u2019autonomie, de financer une partie du tarif d\u00e9pendance. Elle correspond \u00e0 la diff\u00e9rence entre la d\u00e9pendance totale et le GIR 5\/6.<\/li>\n<\/ul>\n<p style=\"text-align: left;\">Le Conseil D\u00e9partemental peut accorder des d\u00e9rogations pour les r\u00e9sidents de moins de 60 ans.<\/p>\n<p style=\"text-align: left;\">Un dossier d\u2019aide au logement est r\u00e9alisable aupr\u00e8s de La CAF ou de la MSA :&nbsp; les r\u00e9sidents peuvent en b\u00e9n\u00e9ficier en fonction de leurs ressources.<\/p>\t\t\t\t\t\t<\/div>\n\t\t\t\t<\/div>\n\t\t\t\t<div class=\"elementor-element elementor-element-39c218d elementor-widget-divider--view-line elementor-widget elementor-widget-divider\" data-id=\"39c218d\" data-element_type=\"widget\" data-widget_type=\"divider.default\">\n\t\t\t\t<div class=\"elementor-widget-container\">\n\t\t\t\t\t<div class=\"elementor-divider\">\n\t\t\t<span class=\"elementor-divider-separator\">\n\t\t\t\t\t\t<\/span>\n\t\t<\/div>\n\t\t\t\t<\/div>\n\t\t\t\t<\/div>\n\t\t\t\t\t<\/div>\n\t\t<\/div>\n\t\t\t\t\t\t\t<\/div>\n\t\t<\/section>\n\t\t\t\t<section class=\"has_eae_slider elementor-section elementor-top-section elementor-element elementor-element-471861a elementor-section-boxed elementor-section-height-default elementor-section-height-default\" data-id=\"471861a\" data-element_type=\"section\">\n\t\t\t\t\t\t<div class=\"elementor-container elementor-column-gap-default\">\n\t\t\t\t\t<div class=\"has_eae_slider elementor-column elementor-col-50 elementor-top-column elementor-element elementor-element-6798f2c\" data-id=\"6798f2c\" data-element_type=\"column\">\n\t\t\t<div class=\"elementor-widget-wrap elementor-element-populated\">\n\t\t\t\t\t\t\t\t<div class=\"elementor-element elementor-element-97648f1 elementor-widget elementor-widget-text-editor\" data-id=\"97648f1\" data-element_type=\"widget\" data-widget_type=\"text-editor.default\">\n\t\t\t\t<div class=\"elementor-widget-container\">\n\t\t\t\t\t\t\t<p><a href=\"https:\/\/ehpadlesroches-pontaumur.fr\/wp-content\/uploads\/2022\/03\/DOSSIER-DE-DEMANDE-DADMISSION.pdf\" target=\"_blank\" rel=\"noopener\">Dossier de demande d&rsquo;admission<\/a><\/p>\t\t\t\t\t\t<\/div>\n\t\t\t\t<\/div>\n\t\t\t\t<div class=\"elementor-element elementor-element-e4b8102 elementor-widget elementor-widget-text-editor\" data-id=\"e4b8102\" data-element_type=\"widget\" data-widget_type=\"text-editor.default\">\n\t\t\t\t<div class=\"elementor-widget-container\">\n\t\t\t\t\t\t\t<p><a href=\"https:\/\/ehpadlesroches-pontaumur.fr\/wp-content\/uploads\/2022\/03\/PIECES-REMISES-PAR-LE-RESIDENT.pdf\" target=\"_blank\" rel=\"noopener\">Pi\u00e8ces remises par le r\u00e9sident<\/a><\/p>\t\t\t\t\t\t<\/div>\n\t\t\t\t<\/div>\n\t\t\t\t\t<\/div>\n\t\t<\/div>\n\t\t\t\t<div class=\"has_eae_slider elementor-column elementor-col-50 elementor-top-column elementor-element elementor-element-9552c4b\" data-id=\"9552c4b\" data-element_type=\"column\">\n\t\t\t<div class=\"elementor-widget-wrap elementor-element-populated\">\n\t\t\t\t\t\t\t\t<div class=\"elementor-element elementor-element-238bfd8 elementor-widget elementor-widget-text-editor\" data-id=\"238bfd8\" data-element_type=\"widget\" data-widget_type=\"text-editor.default\">\n\t\t\t\t<div class=\"elementor-widget-container\">\n\t\t\t\t\t\t\t<p><a href=\"https:\/\/ehpadlesroches-pontaumur.fr\/wp-content\/uploads\/2022\/03\/Contrat-de-sejour-2021.pdf\" target=\"_blank\" rel=\"noopener\">Contrat de s\u00e9jour<\/a><\/p>\t\t\t\t\t\t<\/div>\n\t\t\t\t<\/div>\n\t\t\t\t<div class=\"elementor-element elementor-element-d9cba91 elementor-widget elementor-widget-text-editor\" data-id=\"d9cba91\" data-element_type=\"widget\" data-widget_type=\"text-editor.default\">\n\t\t\t\t<div class=\"elementor-widget-container\">\n\t\t\t\t\t\t\t<p><a href=\"https:\/\/ehpadlesroches-pontaumur.fr\/wp-content\/uploads\/2022\/03\/reglement-de-fonctionnement-2021.pdf\" target=\"_blank\" rel=\"noopener\">R\u00e8glement de fonctionnement<\/a><\/p>\t\t\t\t\t\t<\/div>\n\t\t\t\t<\/div>\n\t\t\t\t\t<\/div>\n\t\t<\/div>\n\t\t\t\t\t\t\t<\/div>\n\t\t<\/section>\n\t\t\t\t<section class=\"has_eae_slider elementor-section elementor-top-section elementor-element elementor-element-297d513 elementor-section-boxed elementor-section-height-default elementor-section-height-default\" data-id=\"297d513\" data-element_type=\"section\">\n\t\t\t\t\t\t<div class=\"elementor-container elementor-column-gap-default\">\n\t\t\t\t\t<div class=\"has_eae_slider elementor-column elementor-col-25 elementor-top-column elementor-element elementor-element-5900703\" data-id=\"5900703\" data-element_type=\"column\">\n\t\t\t<div class=\"elementor-widget-wrap elementor-element-populated\">\n\t\t\t\t\t\t\t\t<div class=\"elementor-element elementor-element-babd664 elementor-widget elementor-widget-image\" data-id=\"babd664\" data-element_type=\"widget\" data-widget_type=\"image.default\">\n\t\t\t\t<div class=\"elementor-widget-container\">\n\t\t\t<style>\/*! elementor - v3.11.5 - 14-03-2023 *\/\n.elementor-widget-image{text-align:center}.elementor-widget-image a{display:inline-block}.elementor-widget-image a img[src$=\".svg\"]{width:48px}.elementor-widget-image img{vertical-align:middle;display:inline-block}<\/style>\t\t\t\t\t\t\t\t\t\t\t\t\t<a href=\"https:\/\/ehpadlesroches-pontaumur.fr\/wp-content\/uploads\/2022\/03\/DOSSIER-DE-DEMANDE-DADMISSION.pdf\" target=\"_blank\">\n\t\t\t\t\t\t\t<img decoding=\"async\" width=\"395\" height=\"558\" src=\"https:\/\/ehpadlesroches-pontaumur.fr\/wp-content\/uploads\/2022\/04\/demande-admission.jpg\" class=\"attachment-large size-large wp-image-1231\" alt=\"\" srcset=\"https:\/\/ehpadlesroches-pontaumur.fr\/wp-content\/uploads\/2022\/04\/demande-admission-200x283.jpg 200w, https:\/\/ehpadlesroches-pontaumur.fr\/wp-content\/uploads\/2022\/04\/demande-admission-212x300.jpg 212w, https:\/\/ehpadlesroches-pontaumur.fr\/wp-content\/uploads\/2022\/04\/demande-admission.jpg 395w\" sizes=\"(max-width: 395px) 100vw, 395px\" \/>\t\t\t\t\t\t\t\t<\/a>\n\t\t\t\t\t\t\t\t\t\t\t\t\t\t\t<\/div>\n\t\t\t\t<\/div>\n\t\t\t\t\t<\/div>\n\t\t<\/div>\n\t\t\t\t<div class=\"has_eae_slider elementor-column elementor-col-25 elementor-top-column elementor-element elementor-element-2686417\" data-id=\"2686417\" data-element_type=\"column\">\n\t\t\t<div class=\"elementor-widget-wrap elementor-element-populated\">\n\t\t\t\t\t\t\t\t<div class=\"elementor-element elementor-element-f128def elementor-widget elementor-widget-image\" data-id=\"f128def\" data-element_type=\"widget\" data-widget_type=\"image.default\">\n\t\t\t\t<div class=\"elementor-widget-container\">\n\t\t\t\t\t\t\t\t\t\t\t\t\t\t\t\t<a href=\"https:\/\/ehpadlesroches-pontaumur.fr\/wp-content\/uploads\/2022\/03\/Contrat-de-sejour-2021.pdf\" target=\"_blank\">\n\t\t\t\t\t\t\t<img decoding=\"async\" width=\"394\" height=\"557\" src=\"https:\/\/ehpadlesroches-pontaumur.fr\/wp-content\/uploads\/2022\/04\/contrat-de-sejour.jpg\" class=\"attachment-large size-large wp-image-1230\" alt=\"\" srcset=\"https:\/\/ehpadlesroches-pontaumur.fr\/wp-content\/uploads\/2022\/04\/contrat-de-sejour-200x283.jpg 200w, https:\/\/ehpadlesroches-pontaumur.fr\/wp-content\/uploads\/2022\/04\/contrat-de-sejour-212x300.jpg 212w, https:\/\/ehpadlesroches-pontaumur.fr\/wp-content\/uploads\/2022\/04\/contrat-de-sejour.jpg 394w\" sizes=\"(max-width: 394px) 100vw, 394px\" \/>\t\t\t\t\t\t\t\t<\/a>\n\t\t\t\t\t\t\t\t\t\t\t\t\t\t\t<\/div>\n\t\t\t\t<\/div>\n\t\t\t\t\t<\/div>\n\t\t<\/div>\n\t\t\t\t<div class=\"has_eae_slider elementor-column elementor-col-25 elementor-top-column elementor-element elementor-element-455b42c\" data-id=\"455b42c\" data-element_type=\"column\">\n\t\t\t<div class=\"elementor-widget-wrap elementor-element-populated\">\n\t\t\t\t\t\t\t\t<div class=\"elementor-element elementor-element-e03c954 elementor-widget elementor-widget-image\" data-id=\"e03c954\" data-element_type=\"widget\" data-widget_type=\"image.default\">\n\t\t\t\t<div class=\"elementor-widget-container\">\n\t\t\t\t\t\t\t\t\t\t\t\t\t\t\t\t<a href=\"https:\/\/ehpadlesroches-pontaumur.fr\/wp-content\/uploads\/2022\/03\/PIECES-REMISES-PAR-LE-RESIDENT.pdf\" target=\"_blank\">\n\t\t\t\t\t\t\t<img decoding=\"async\" width=\"391\" height=\"555\" src=\"https:\/\/ehpadlesroches-pontaumur.fr\/wp-content\/uploads\/2022\/04\/pieces-remises-par-le-resident.jpg\" class=\"attachment-large size-large wp-image-1232\" alt=\"\" srcset=\"https:\/\/ehpadlesroches-pontaumur.fr\/wp-content\/uploads\/2022\/04\/pieces-remises-par-le-resident-200x284.jpg 200w, https:\/\/ehpadlesroches-pontaumur.fr\/wp-content\/uploads\/2022\/04\/pieces-remises-par-le-resident-211x300.jpg 211w, https:\/\/ehpadlesroches-pontaumur.fr\/wp-content\/uploads\/2022\/04\/pieces-remises-par-le-resident.jpg 391w\" sizes=\"(max-width: 391px) 100vw, 391px\" \/>\t\t\t\t\t\t\t\t<\/a>\n\t\t\t\t\t\t\t\t\t\t\t\t\t\t\t<\/div>\n\t\t\t\t<\/div>\n\t\t\t\t\t<\/div>\n\t\t<\/div>\n\t\t\t\t<div class=\"has_eae_slider elementor-column elementor-col-25 elementor-top-column elementor-element elementor-element-a8e9722\" data-id=\"a8e9722\" data-element_type=\"column\">\n\t\t\t<div class=\"elementor-widget-wrap elementor-element-populated\">\n\t\t\t\t\t\t\t\t<div class=\"elementor-element elementor-element-77d01c8 elementor-widget elementor-widget-image\" data-id=\"77d01c8\" data-element_type=\"widget\" data-widget_type=\"image.default\">\n\t\t\t\t<div class=\"elementor-widget-container\">\n\t\t\t\t\t\t\t\t\t\t\t\t\t\t\t\t<a href=\"https:\/\/ehpadlesroches-pontaumur.fr\/wp-content\/uploads\/2022\/03\/reglement-de-fonctionnement-2021.pdf\" target=\"_blank\">\n\t\t\t\t\t\t\t<img decoding=\"async\" width=\"390\" height=\"554\" src=\"https:\/\/ehpadlesroches-pontaumur.fr\/wp-content\/uploads\/2022\/04\/reglement-fonctionnement.jpg\" class=\"attachment-large size-large wp-image-1233\" alt=\"\" srcset=\"https:\/\/ehpadlesroches-pontaumur.fr\/wp-content\/uploads\/2022\/04\/reglement-fonctionnement-200x284.jpg 200w, https:\/\/ehpadlesroches-pontaumur.fr\/wp-content\/uploads\/2022\/04\/reglement-fonctionnement-211x300.jpg 211w, https:\/\/ehpadlesroches-pontaumur.fr\/wp-content\/uploads\/2022\/04\/reglement-fonctionnement.jpg 390w\" sizes=\"(max-width: 390px) 100vw, 390px\" \/>\t\t\t\t\t\t\t\t<\/a>\n\t\t\t\t\t\t\t\t\t\t\t\t\t\t\t<\/div>\n\t\t\t\t<\/div>\n\t\t\t\t\t<\/div>\n\t\t<\/div>\n\t\t\t\t\t\t\t<\/div>\n\t\t<\/section>\n\t\t\t\t<section class=\"has_eae_slider elementor-section elementor-top-section elementor-element elementor-element-5456282 elementor-section-boxed elementor-section-height-default elementor-section-height-default\" data-id=\"5456282\" data-element_type=\"section\">\n\t\t\t\t\t\t<div class=\"elementor-container elementor-column-gap-default\">\n\t\t\t\t\t<div class=\"has_eae_slider elementor-column elementor-col-100 elementor-top-column elementor-element elementor-element-51ec4f2\" data-id=\"51ec4f2\" data-element_type=\"column\">\n\t\t\t<div class=\"elementor-widget-wrap elementor-element-populated\">\n\t\t\t\t\t\t\t\t<div class=\"elementor-element elementor-element-1bbb758 elementor-widget-divider--view-line elementor-widget elementor-widget-divider\" data-id=\"1bbb758\" data-element_type=\"widget\" data-widget_type=\"divider.default\">\n\t\t\t\t<div class=\"elementor-widget-container\">\n\t\t\t\t\t<div class=\"elementor-divider\">\n\t\t\t<span class=\"elementor-divider-separator\">\n\t\t\t\t\t\t<\/span>\n\t\t<\/div>\n\t\t\t\t<\/div>\n\t\t\t\t<\/div>\n\t\t\t\t<div class=\"elementor-element elementor-element-fb4845d elementor-widget elementor-widget-text-editor\" data-id=\"fb4845d\" data-element_type=\"widget\" data-widget_type=\"text-editor.default\">\n\t\t\t\t<div class=\"elementor-widget-container\">\n\t\t\t\t\t\t\t<p><a href=\"https:\/\/ehpadlesroches-pontaumur.fr\/wp-content\/uploads\/2022\/04\/livret-accueil.pdf\" target=\"_blank\" rel=\"noopener\">Livret d&rsquo;accueil<\/a><\/p>\t\t\t\t\t\t<\/div>\n\t\t\t\t<\/div>\n\t\t\t\t<div class=\"elementor-element elementor-element-fe5764f elementor-widget elementor-widget-shortcode\" data-id=\"fe5764f\" data-element_type=\"widget\" data-widget_type=\"shortcode.default\">\n\t\t\t\t<div class=\"elementor-widget-container\">\n\t\t\t\t\t<div class=\"elementor-shortcode\"><div class=\"_3d-flip-book  fb3d-fullscreen-mode full-size\" data-id=\"1247\" data-mode=\"fullscreen\" data-title=\"false\" data-template=\"short-white-book-view\" data-lightbox=\"dark-shadow\" data-urlparam=\"fb3d-page\" data-page-n=\"0\" data-pdf=\"\" data-tax=\"null\" data-thumbnail=\"\" data-cols=\"3\" data-book-template=\"default\"><\/div><script type=\"text\/javascript\">window.FB3D_CLIENT_DATA = window.FB3D_CLIENT_DATA || [];window.FB3D_CLIENT_DATA.push('eyJwb3N0cyI6eyIxMjQ3Ijp7IklEIjoxMjQ3LCJ0aXRsZSI6IkxpdnJldCBkJ2FjY3VlaWwiLCJ0eXBlIjoicGRmIiwicmVhZHlfZnVuY3Rpb24iOiIiLCJib29rX3N0eWxlIjoiZmxhdCIsImJvb2tfdGVtcGxhdGUiOiJub25lIiwib3V0bGluZSI6W10sImRhdGEiOnsicG9zdF9JRCI6IjEyNDgiLCJndWlkIjoiaHR0cHM6XC9cL2VocGFkbGVzcm9jaGVzLXBvbnRhdW11ci5mclwvd3AtY29udGVudFwvdXBsb2Fkc1wvMjAyMlwvMDRcL2xpdnJldC1hY2N1ZWlsLnBkZiIsInBkZl9wYWdlcyI6IjgiLCJwYWdlc19jdXN0b21pemF0aW9uIjoibm9uZSJ9LCJ0aHVtYm5haWwiOnsiZGF0YSI6eyJwb3N0X0lEIjoiMCJ9LCJ0eXBlIjoiYXV0byJ9LCJwcm9wcyI6eyJjYWNoZWRQYWdlcyI6ImF1dG8iLCJyZW5kZXJJbmFjdGl2ZVBhZ2VzIjoiYXV0byIsInJlbmRlckluYWN0aXZlUGFnZXNPbk1vYmlsZSI6ImF1dG8iLCJyZW5kZXJXaGlsZUZsaXBwaW5nIjoiYXV0byIsInByZWxvYWRQYWdlcyI6ImF1dG8iLCJydGwiOiJhdXRvIiwiaW50ZXJhY3RpdmVDb3JuZXJzIjoiYXV0byIsInNoZWV0Ijp7InN0YXJ0VmVsb2NpdHkiOiJhdXRvIiwid2F2ZSI6ImF1dG8iLCJzaGFwZSI6ImF1dG8iLCJ3aWR0aFRleGVscyI6ImF1dG8iLCJjb2xvciI6ImF1dG8iLCJzaWRlIjoiYXV0byIsImNvcm5lckRldmlhdGlvbiI6ImF1dG8iLCJmbGV4aWJpbGl0eSI6ImF1dG8iLCJmbGV4aWJsZUNvcm5lciI6ImF1dG8iLCJiZW5kaW5nIjoiYXV0byIsImhlaWdodFRleGVscyI6ImF1dG8ifSwiY292ZXIiOnsid2F2ZSI6ImF1dG8iLCJjb2xvciI6ImF1dG8iLCJiaW5kZXJUZXh0dXJlIjoiYXV0byIsImRlcHRoIjoiYXV0byIsInBhZGRpbmciOiJhdXRvIiwic3RhcnRWZWxvY2l0eSI6ImF1dG8iLCJmbGV4aWJpbGl0eSI6ImF1dG8iLCJmbGV4aWJsZUNvcm5lciI6ImF1dG8iLCJiZW5kaW5nIjoiYXV0byIsIndpZHRoVGV4ZWxzIjoiYXV0byIsImhlaWdodFRleGVscyI6ImF1dG8iLCJtYXNzIjoiYXV0byIsInNpZGUiOiJhdXRvIiwic2hhcGUiOiJhdXRvIn0sInBhZ2UiOnsid2F2ZSI6ImF1dG8iLCJjb2xvciI6ImF1dG8iLCJkZXB0aCI6ImF1dG8iLCJzdGFydFZlbG9jaXR5IjoiYXV0byIsImZsZXhpYmlsaXR5IjoiYXV0byIsImZsZXhpYmxlQ29ybmVyIjoiYXV0byIsImJlbmRpbmciOiJhdXRvIiwid2lkdGhUZXhlbHMiOiJhdXRvIiwiaGVpZ2h0VGV4ZWxzIjoiYXV0byIsIm1hc3MiOiJhdXRvIiwic2lkZSI6ImF1dG8iLCJzaGFwZSI6ImF1dG8ifSwiaGVpZ2h0IjoiYXV0byIsIndpZHRoIjoiYXV0byIsImdyYXZpdHkiOiJhdXRvIiwicGFnZXNGb3JQcmVkaWN0aW5nIjoiYXV0byJ9LCJjb250cm9sUHJvcHMiOnsiYWN0aW9ucyI6eyJjbWRTYXZlIjp7ImVuYWJsZWQiOiJhdXRvIiwiZW5hYmxlZEluTmFycm93IjoiYXV0byJ9LCJjbWRQcmludCI6eyJlbmFibGVkIjoiYXV0byIsImVuYWJsZWRJbk5hcnJvdyI6ImF1dG8ifSwiY21kU2luZ2xlUGFnZSI6eyJlbmFibGVkIjoiYXV0byIsImVuYWJsZWRJbk5hcnJvdyI6ImF1dG8iLCJhY3RpdmUiOiJhdXRvIiwiYWN0aXZlRm9yTW9iaWxlIjoiYXV0byJ9fX0sImF1dG9UaHVtYm5haWwiOiJodHRwczpcL1wvZWhwYWRsZXNyb2NoZXMtcG9udGF1bXVyLmZyXC93cC1jb250ZW50XC91cGxvYWRzXC8zZC1mbGlwLWJvb2tcL2F1dG8tdGh1bWJuYWlsc1wvMTI0Ny5wbmciLCJwb3N0X25hbWUiOiJsaXZyZXQtZGFjY3VlaWwiLCJwb3N0X3R5cGUiOiIzZC1mbGlwLWJvb2sifX0sInBhZ2VzIjpbXSwiZmlyc3RQYWdlcyI6W119');window.FB3D_CLIENT_LOCALE && window.FB3D_CLIENT_LOCALE.render();<\/script><\/div>\n\t\t\t\t<\/div>\n\t\t\t\t<\/div>\n\t\t\t\t\t<\/div>\n\t\t<\/div>\n\t\t\t\t\t\t\t<\/div>\n\t\t<\/section>\n\t\t\t\t\t\t\t<\/div>\n\t\t","protected":false},"excerpt":{"rendered":"<p>Accueil Madame GIRAUDON Nicole et Madame GARDE Sylvie, agents d\u2019accueil, sont \u00e0 votre disposition du lundi au vendredi de 08h30 \u00e0 16h30 pour tout renseignement. Mme GUILLOT Virginie, Cadre de sant\u00e9, se tient disponible du lundi au vendredi de 09h00 \u00e0 17h00 pour tout renseignement sur l\u2019accompagnement du r\u00e9sident. Des visites de l\u2019\u00e9tablissement peuvent \u00eatre [&hellip;]<\/p>\n","protected":false},"author":1,"featured_media":0,"parent":44,"menu_order":1,"comment_status":"closed","ping_status":"closed","template":"","meta":[],"tags":[],"_links":{"self":[{"href":"https:\/\/ehpadlesroches-pontaumur.fr\/index.php\/wp-json\/wp\/v2\/pages\/46"}],"collection":[{"href":"https:\/\/ehpadlesroches-pontaumur.fr\/index.php\/wp-json\/wp\/v2\/pages"}],"about":[{"href":"https:\/\/ehpadlesroches-pontaumur.fr\/index.php\/wp-json\/wp\/v2\/types\/page"}],"author":[{"embeddable":true,"href":"https:\/\/ehpadlesroches-pontaumur.fr\/index.php\/wp-json\/wp\/v2\/users\/1"}],"replies":[{"embeddable":true,"href":"https:\/\/ehpadlesroches-pontaumur.fr\/index.php\/wp-json\/wp\/v2\/comments?post=46"}],"version-history":[{"count":46,"href":"https:\/\/ehpadlesroches-pontaumur.fr\/index.php\/wp-json\/wp\/v2\/pages\/46\/revisions"}],"predecessor-version":[{"id":1436,"href":"https:\/\/ehpadlesroches-pontaumur.fr\/index.php\/wp-json\/wp\/v2\/pages\/46\/revisions\/1436"}],"up":[{"embeddable":true,"href":"https:\/\/ehpadlesroches-pontaumur.fr\/index.php\/wp-json\/wp\/v2\/pages\/44"}],"wp:attachment":[{"href":"https:\/\/ehpadlesroches-pontaumur.fr\/index.php\/wp-json\/wp\/v2\/media?parent=46"}],"wp:term":[{"taxonomy":"post_tag","embeddable":true,"href":"https:\/\/ehpadlesroches-pontaumur.fr\/index.php\/wp-json\/wp\/v2\/tags?post=46"}],"curies":[{"name":"wp","href":"https:\/\/api.w.org\/{rel}","templated":true}]}}